{"id":46,"date":"2019-05-12T16:43:22","date_gmt":"2019-05-12T16:43:22","guid":{"rendered":"http:\/\/vomsternentor.de\/?page_id=46"},"modified":"2022-06-04T13:20:14","modified_gmt":"2022-06-04T13:20:14","slug":"unser-zuhause","status":"publish","type":"page","link":"https:\/\/vomsternentor.de\/?page_id=46","title":{"rendered":"Unser Zuhause"},"content":{"rendered":"\n<p>Wir wohnen in einer kleinen Stadt am nordwestlichen Rand von NRW. Unser Haus liegt an einer kleiner Privatstra\u00dfe in einer Sackgasse. Das Grundst\u00fcck ist von viel Gr\u00fcn und einigen netten Nachbarn umgeben. <\/p>\n\n\n\n<figure class=\"is-layout-flex wp-block-gallery-1 wp-block-gallery has-nested-images columns-2 is-cropped\">\n<figure class=\"wp-block-image\"><img decoding=\"async\" loading=\"lazy\" width=\"1024\" height=\"685\" data-id=\"256\"  src=\"http:\/\/vomsternentor.de\/wp-content\/uploads\/2019\/06\/Mai.19-0017-1024x685.jpg\" alt=\"\" class=\"wp-image-256\" srcset=\"https:\/\/vomsternentor.de\/wp-content\/uploads\/2019\/06\/Mai.19-0017-1024x685.jpg 1024w, https:\/\/vomsternentor.de\/wp-content\/uploads\/2019\/06\/Mai.19-0017-300x201.jpg 300w, https:\/\/vomsternentor.de\/wp-content\/uploads\/2019\/06\/Mai.19-0017-768x514.jpg 768w, https:\/\/vomsternentor.de\/wp-content\/uploads\/2019\/06\/Mai.19-0017.jpg 1280w\" sizes=\"(max-width: 1024px) 100vw, 1024px\" \/><\/figure>\n\n\n\n<figure class=\"wp-block-image\"><img decoding=\"async\" loading=\"lazy\" width=\"1024\" height=\"685\" data-id=\"253\"  src=\"http:\/\/vomsternentor.de\/wp-content\/uploads\/2019\/06\/Mai.19-0012-1024x685.jpg\" alt=\"\" class=\"wp-image-253\" srcset=\"https:\/\/vomsternentor.de\/wp-content\/uploads\/2019\/06\/Mai.19-0012-1024x685.jpg 1024w, https:\/\/vomsternentor.de\/wp-content\/uploads\/2019\/06\/Mai.19-0012-300x201.jpg 300w, https:\/\/vomsternentor.de\/wp-content\/uploads\/2019\/06\/Mai.19-0012-768x514.jpg 768w, https:\/\/vomsternentor.de\/wp-content\/uploads\/2019\/06\/Mai.19-0012.jpg 1280w\" sizes=\"(max-width: 1024px) 100vw, 1024px\" \/><\/figure>\n\n\n\n<figure class=\"wp-block-image\"><img decoding=\"async\" loading=\"lazy\" width=\"1024\" height=\"685\" data-id=\"258\"  src=\"http:\/\/vomsternentor.de\/wp-content\/uploads\/2019\/06\/Mai.19-0024-1024x685.jpg\" alt=\"\" class=\"wp-image-258\" srcset=\"https:\/\/vomsternentor.de\/wp-content\/uploads\/2019\/06\/Mai.19-0024-1024x685.jpg 1024w, https:\/\/vomsternentor.de\/wp-content\/uploads\/2019\/06\/Mai.19-0024-300x201.jpg 300w, https:\/\/vomsternentor.de\/wp-content\/uploads\/2019\/06\/Mai.19-0024-768x514.jpg 768w, https:\/\/vomsternentor.de\/wp-content\/uploads\/2019\/06\/Mai.19-0024.jpg 1280w\" sizes=\"(max-width: 1024px) 100vw, 1024px\" \/><\/figure>\n\n\n\n<figure class=\"wp-block-image\"><img decoding=\"async\" loading=\"lazy\" width=\"1024\" height=\"685\" data-id=\"257\"  src=\"http:\/\/vomsternentor.de\/wp-content\/uploads\/2019\/06\/Mai.19-0018-1024x685.jpg\" alt=\"\" class=\"wp-image-257\" srcset=\"https:\/\/vomsternentor.de\/wp-content\/uploads\/2019\/06\/Mai.19-0018-1024x685.jpg 1024w, https:\/\/vomsternentor.de\/wp-content\/uploads\/2019\/06\/Mai.19-0018-300x201.jpg 300w, https:\/\/vomsternentor.de\/wp-content\/uploads\/2019\/06\/Mai.19-0018-768x514.jpg 768w, https:\/\/vomsternentor.de\/wp-content\/uploads\/2019\/06\/Mai.19-0018.jpg 1280w\" sizes=\"(max-width: 1024px) 100vw, 1024px\" \/><\/figure>\n\n\n\n<figure class=\"wp-block-image\"><img decoding=\"async\" loading=\"lazy\" width=\"1024\" height=\"685\" data-id=\"255\"  src=\"http:\/\/vomsternentor.de\/wp-content\/uploads\/2019\/06\/Mai.19-0015-1024x685.jpg\" alt=\"\" class=\"wp-image-255\" srcset=\"https:\/\/vomsternentor.de\/wp-content\/uploads\/2019\/06\/Mai.19-0015-1024x685.jpg 1024w, https:\/\/vomsternentor.de\/wp-content\/uploads\/2019\/06\/Mai.19-0015-300x201.jpg 300w, https:\/\/vomsternentor.de\/wp-content\/uploads\/2019\/06\/Mai.19-0015-768x514.jpg 768w, https:\/\/vomsternentor.de\/wp-content\/uploads\/2019\/06\/Mai.19-0015.jpg 1280w\" sizes=\"(max-width: 1024px) 100vw, 1024px\" \/><\/figure>\n\n\n\n<figure class=\"wp-block-image\"><img decoding=\"async\" loading=\"lazy\" width=\"1024\" height=\"685\" data-id=\"254\"  src=\"http:\/\/vomsternentor.de\/wp-content\/uploads\/2019\/06\/Mai.19-0014-1024x685.jpg\" alt=\"\" class=\"wp-image-254\" srcset=\"https:\/\/vomsternentor.de\/wp-content\/uploads\/2019\/06\/Mai.19-0014-1024x685.jpg 1024w, https:\/\/vomsternentor.de\/wp-content\/uploads\/2019\/06\/Mai.19-0014-300x201.jpg 300w, https:\/\/vomsternentor.de\/wp-content\/uploads\/2019\/06\/Mai.19-0014-768x514.jpg 768w, https:\/\/vomsternentor.de\/wp-content\/uploads\/2019\/06\/Mai.19-0014.jpg 1280w\" sizes=\"(max-width: 1024px) 100vw, 1024px\" \/><\/figure>\n<\/figure>\n","protected":false},"excerpt":{"rendered":"<p>Wir wohnen in einer kleinen Stadt am nordwestlichen Rand von NRW. Unser Haus liegt an einer kleiner Privatstra\u00dfe in einer Sackgasse. Das Grundst\u00fcck ist von viel Gr\u00fcn und einigen netten Nachbarn umgeben.<\/p>\n","protected":false},"author":1,"featured_media":0,"parent":0,"menu_order":4,"comment_status":"closed","ping_status":"closed","template":"","meta":[],"_links":{"self":[{"href":"https:\/\/vomsternentor.de\/index.php?rest_route=\/wp\/v2\/pages\/46"}],"collection":[{"href":"https:\/\/vomsternentor.de\/index.php?rest_route=\/wp\/v2\/pages"}],"about":[{"href":"https:\/\/vomsternentor.de\/index.php?rest_route=\/wp\/v2\/types\/page"}],"author":[{"embeddable":true,"href":"https:\/\/vomsternentor.de\/index.php?rest_route=\/wp\/v2\/users\/1"}],"replies":[{"embeddable":true,"href":"https:\/\/vomsternentor.de\/index.php?rest_route=%2Fwp%2Fv2%2Fcomments&post=46"}],"version-history":[{"count":4,"href":"https:\/\/vomsternentor.de\/index.php?rest_route=\/wp\/v2\/pages\/46\/revisions"}],"predecessor-version":[{"id":898,"href":"https:\/\/vomsternentor.de\/index.php?rest_route=\/wp\/v2\/pages\/46\/revisions\/898"}],"wp:attachment":[{"href":"https:\/\/vomsternentor.de\/index.php?rest_route=%2Fwp%2Fv2%2Fmedia&parent=46"}],"curies":[{"name":"wp","href":"https:\/\/api.w.org\/{rel}","templated":true}]}}