{"id":2,"date":"2016-05-10T03:48:21","date_gmt":"2016-05-10T03:48:21","guid":{"rendered":"http:\/\/vomsternentor.de\/?page_id=2"},"modified":"2024-05-22T16:42:40","modified_gmt":"2024-05-22T16:42:40","slug":"sample-page","status":"publish","type":"page","link":"https:\/\/vomsternentor.de\/?page_id=2","title":{"rendered":"Aktuelle Wurf Infos"},"content":{"rendered":"\n<p class=\"has-text-align-center\" style=\"font-size:47px\">D-2 Wurf vom Sternentor:<\/p>\n\n\n\n<h2>&#8212;&#8212;&#8212;&#8212;&#8212;&#8212;&#8212;&#8212;&#8212;&#8212;&#8212;&#8212;&#8212;&#8212;&#8212;&#8212;&#8212;&#8212;&#8212;&#8212;&#8212;&#8212;&#8212;<\/h2>\n\n\n\n<h2>Am 21.05.2024 ist unser D 2 Wurf auf die Welt gekommen!<\/h2>\n\n\n\n<h2> Wir freuen uns sehr! Es sind 3 R\u00fcden und 2 H\u00fcninnen. <\/h2>\n\n\n\n<p>Die stolzen Eltern, Dexter und Lani haben das toll hinbekommen &lt;3<\/p>\n\n\n\n<div class=\"is-layout-flex wp-container-2 wp-block-columns\">\n<div class=\"is-layout-flow wp-block-column\"><\/div>\n<\/div>\n\n\n\n<div class=\"is-layout-flex wp-container-7 wp-block-columns\">\n<div class=\"is-layout-flow wp-block-column\" style=\"flex-basis:100%\">\n<div class=\"is-layout-flow wp-block-group\"><div class=\"wp-block-group__inner-container\">\n<figure class=\"is-layout-flex wp-block-gallery-3 wp-block-gallery has-nested-images columns-default is-cropped\">\n<figure class=\"wp-block-image size-large\"><img decoding=\"async\" loading=\"lazy\" width=\"1024\" height=\"791\" src=\"https:\/\/vomsternentor.de\/wp-content\/uploads\/2022\/01\/IMG_4641-1024x791.jpeg\" alt=\"\" class=\"wp-image-786\" srcset=\"https:\/\/vomsternentor.de\/wp-content\/uploads\/2022\/01\/IMG_4641-1024x791.jpeg 1024w, https:\/\/vomsternentor.de\/wp-content\/uploads\/2022\/01\/IMG_4641-300x232.jpeg 300w, https:\/\/vomsternentor.de\/wp-content\/uploads\/2022\/01\/IMG_4641-768x593.jpeg 768w, https:\/\/vomsternentor.de\/wp-content\/uploads\/2022\/01\/IMG_4641-1536x1187.jpeg 1536w, https:\/\/vomsternentor.de\/wp-content\/uploads\/2022\/01\/IMG_4641-2048x1583.jpeg 2048w\" sizes=\"(max-width: 1024px) 100vw, 1024px\" \/><figcaption class=\"wp-element-caption\"><br><br><strong><br>Damai Dexter vom Kaiser Haus<br>Wurftag: 01.09.2016<br>Vater: Megamagee Borders and Shading<br>Mutter: Galina vom L\u00fcdertal<br>HD: A1, Dilute: D\/D,  vWD: N\/N,  DM: N\/N, Augen: Frei<\/strong><\/figcaption><\/figure>\n\n\n\n<figure class=\"wp-block-image size-large\"><img decoding=\"async\" loading=\"lazy\" width=\"1024\" height=\"765\" src=\"https:\/\/vomsternentor.de\/wp-content\/uploads\/2022\/01\/Lani2-1024x765.jpg\" alt=\"\" class=\"wp-image-787\" srcset=\"https:\/\/vomsternentor.de\/wp-content\/uploads\/2022\/01\/Lani2-1024x765.jpg 1024w, https:\/\/vomsternentor.de\/wp-content\/uploads\/2022\/01\/Lani2-300x224.jpg 300w, https:\/\/vomsternentor.de\/wp-content\/uploads\/2022\/01\/Lani2-768x573.jpg 768w, https:\/\/vomsternentor.de\/wp-content\/uploads\/2022\/01\/Lani2-1536x1147.jpg 1536w, https:\/\/vomsternentor.de\/wp-content\/uploads\/2022\/01\/Lani2.jpg 1895w\" sizes=\"(max-width: 1024px) 100vw, 1024px\" \/><figcaption class=\"wp-element-caption\"><br><br><br><br><strong>Ulani Angel vom Sternentor<br>Wurftag: 06.08.2016<br>Vater: Plato vom Sternentor<br>Mutter: Qimba Angel vom Sternentor<br>HD: A1, Dilute: D\/D, vWD: N\/N, DM: N\/N, Augen: Frei<\/strong><\/figcaption><\/figure>\n<\/figure>\n<\/div><\/div>\n<\/div>\n<\/div>\n\n\n\n<h2>Woche 1:<\/h2>\n\n\n\n<p>R\u00fcde1 = Orange, R\u00fcde2 = Petrol, R\u00fcde3 = Gold<\/p>\n\n\n\n<p>H\u00fcndin1 = Aubergine, H\u00fcndin2 = Rosa<\/p>\n\n\n\n<figure class=\"is-layout-flex wp-block-gallery-8 wp-block-gallery has-nested-images columns-default is-cropped\">\n<figure class=\"wp-block-image size-large\"><img decoding=\"async\" loading=\"lazy\" width=\"1024\" height=\"685\" data-id=\"1016\"  src=\"https:\/\/vomsternentor.de\/wp-content\/uploads\/2024\/05\/Woche1-D-2-Wuef_8-1024x685.jpg\" alt=\"\" class=\"wp-image-1016\" srcset=\"https:\/\/vomsternentor.de\/wp-content\/uploads\/2024\/05\/Woche1-D-2-Wuef_8-1024x685.jpg 1024w, https:\/\/vomsternentor.de\/wp-content\/uploads\/2024\/05\/Woche1-D-2-Wuef_8-300x201.jpg 300w, https:\/\/vomsternentor.de\/wp-content\/uploads\/2024\/05\/Woche1-D-2-Wuef_8-768x514.jpg 768w, https:\/\/vomsternentor.de\/wp-content\/uploads\/2024\/05\/Woche1-D-2-Wuef_8.jpg 1280w\" sizes=\"(max-width: 1024px) 100vw, 1024px\" \/><\/figure>\n\n\n\n<figure class=\"wp-block-image size-large\"><img decoding=\"async\" loading=\"lazy\" width=\"1024\" height=\"685\" data-id=\"1017\"  src=\"https:\/\/vomsternentor.de\/wp-content\/uploads\/2024\/05\/Woche1-D-2-Wuef_19-1024x685.jpg\" alt=\"\" class=\"wp-image-1017\" srcset=\"https:\/\/vomsternentor.de\/wp-content\/uploads\/2024\/05\/Woche1-D-2-Wuef_19-1024x685.jpg 1024w, https:\/\/vomsternentor.de\/wp-content\/uploads\/2024\/05\/Woche1-D-2-Wuef_19-300x201.jpg 300w, https:\/\/vomsternentor.de\/wp-content\/uploads\/2024\/05\/Woche1-D-2-Wuef_19-768x514.jpg 768w, https:\/\/vomsternentor.de\/wp-content\/uploads\/2024\/05\/Woche1-D-2-Wuef_19.jpg 1280w\" sizes=\"(max-width: 1024px) 100vw, 1024px\" \/><\/figure>\n\n\n\n<figure class=\"wp-block-image size-large\"><img decoding=\"async\" loading=\"lazy\" width=\"1024\" height=\"685\" data-id=\"1015\"  src=\"https:\/\/vomsternentor.de\/wp-content\/uploads\/2024\/05\/Woche1-D-2-Wuef_38-1024x685.jpg\" alt=\"\" class=\"wp-image-1015\" srcset=\"https:\/\/vomsternentor.de\/wp-content\/uploads\/2024\/05\/Woche1-D-2-Wuef_38-1024x685.jpg 1024w, https:\/\/vomsternentor.de\/wp-content\/uploads\/2024\/05\/Woche1-D-2-Wuef_38-300x201.jpg 300w, https:\/\/vomsternentor.de\/wp-content\/uploads\/2024\/05\/Woche1-D-2-Wuef_38-768x514.jpg 768w, https:\/\/vomsternentor.de\/wp-content\/uploads\/2024\/05\/Woche1-D-2-Wuef_38.jpg 1280w\" sizes=\"(max-width: 1024px) 100vw, 1024px\" \/><\/figure>\n<\/figure>\n\n\n\n<figure class=\"is-layout-flex wp-block-gallery-10 wp-block-gallery has-nested-images columns-default is-cropped\">\n<figure class=\"wp-block-image size-large\"><img decoding=\"async\" loading=\"lazy\" width=\"1280\" height=\"857\" data-id=\"973\"  src=\"https:\/\/vomsternentor.de\/wp-content\/uploads\/2022\/06\/C2Decke1_059.jpg\" alt=\"\" class=\"wp-image-973\" srcset=\"https:\/\/vomsternentor.de\/wp-content\/uploads\/2022\/06\/C2Decke1_059.jpg 1280w, https:\/\/vomsternentor.de\/wp-content\/uploads\/2022\/06\/C2Decke1_059-300x201.jpg 300w, https:\/\/vomsternentor.de\/wp-content\/uploads\/2022\/06\/C2Decke1_059-1024x686.jpg 1024w, https:\/\/vomsternentor.de\/wp-content\/uploads\/2022\/06\/C2Decke1_059-768x514.jpg 768w\" sizes=\"(max-width: 1280px) 100vw, 1280px\" \/><\/figure>\n\n\n\n<figure class=\"wp-block-image size-large is-style-default\"><img decoding=\"async\" loading=\"lazy\" width=\"1024\" height=\"685\" data-id=\"965\"  src=\"https:\/\/vomsternentor.de\/wp-content\/uploads\/2022\/06\/C2Decke1_083-1024x685.jpg\" alt=\"\" class=\"wp-image-965\" srcset=\"https:\/\/vomsternentor.de\/wp-content\/uploads\/2022\/06\/C2Decke1_083-1024x685.jpg 1024w, https:\/\/vomsternentor.de\/wp-content\/uploads\/2022\/06\/C2Decke1_083-300x201.jpg 300w, https:\/\/vomsternentor.de\/wp-content\/uploads\/2022\/06\/C2Decke1_083-768x514.jpg 768w, https:\/\/vomsternentor.de\/wp-content\/uploads\/2022\/06\/C2Decke1_083.jpg 1280w\" sizes=\"(max-width: 1024px) 100vw, 1024px\" \/><\/figure>\n<\/figure>\n","protected":false},"excerpt":{"rendered":"<p>D-2 Wurf vom Sternentor: &#8212;&#8212;&#8212;&#8212;&#8212;&#8212;&#8212;&#8212;&#8212;&#8212;&#8212;&#8212;&#8212;&#8212;&#8212;&#8212;&#8212;&#8212;&#8212;&#8212;&#8212;&#8212;&#8212; Am 21.05.2024 ist unser D 2 Wurf auf die Welt gekommen! Wir freuen uns sehr! Es sind 3 R\u00fcden und 2 H\u00fcninnen. Die stolzen Eltern, Dexter und Lani haben das toll hinbekommen &lt;3 Woche 1: R\u00fcde1 = Orange, R\u00fcde2 = Petrol, R\u00fcde3 = Gold H\u00fcndin1 = Aubergine, H\u00fcndin2 = Rosa<\/p>\n","protected":false},"author":1,"featured_media":0,"parent":0,"menu_order":1,"comment_status":"closed","ping_status":"closed","template":"","meta":[],"_links":{"self":[{"href":"https:\/\/vomsternentor.de\/index.php?rest_route=\/wp\/v2\/pages\/2"}],"collection":[{"href":"https:\/\/vomsternentor.de\/index.php?rest_route=\/wp\/v2\/pages"}],"about":[{"href":"https:\/\/vomsternentor.de\/index.php?rest_route=\/wp\/v2\/types\/page"}],"author":[{"embeddable":true,"href":"https:\/\/vomsternentor.de\/index.php?rest_route=\/wp\/v2\/users\/1"}],"replies":[{"embeddable":true,"href":"https:\/\/vomsternentor.de\/index.php?rest_route=%2Fwp%2Fv2%2Fcomments&post=2"}],"version-history":[{"count":76,"href":"https:\/\/vomsternentor.de\/index.php?rest_route=\/wp\/v2\/pages\/2\/revisions"}],"predecessor-version":[{"id":1018,"href":"https:\/\/vomsternentor.de\/index.php?rest_route=\/wp\/v2\/pages\/2\/revisions\/1018"}],"wp:attachment":[{"href":"https:\/\/vomsternentor.de\/index.php?rest_route=%2Fwp%2Fv2%2Fmedia&parent=2"}],"curies":[{"name":"wp","href":"https:\/\/api.w.org\/{rel}","templated":true}]}}